{"id":4037,"date":"2025-10-25T10:25:48","date_gmt":"2025-10-25T08:25:48","guid":{"rendered":"https:\/\/hub.green-gap.eu\/?page_id=4037"},"modified":"2025-10-25T10:59:57","modified_gmt":"2025-10-25T08:59:57","slug":"legislacion-2","status":"publish","type":"page","link":"https:\/\/hub.green-gap.eu\/es\/legislacion-2\/","title":{"rendered":"Estrategias y Planes"},"content":{"rendered":"\t\t<div data-elementor-type=\"wp-page\" data-elementor-id=\"4037\" class=\"elementor elementor-4037 elementor-4036\" data-elementor-post-type=\"page\">\n\t\t\t\t<div class=\"elementor-element elementor-element-b9dd0e4 e-flex e-con-boxed e-con e-parent\" data-id=\"b9dd0e4\" data-element_type=\"container\" data-e-type=\"container\" data-settings=\"{&quot;background_background&quot;:&quot;classic&quot;,&quot;_ha_eqh_enable&quot;:false}\">\n\t\t\t\t\t<div class=\"e-con-inner\">\n\t\t<div class=\"elementor-element elementor-element-bd207ac e-con-full e-flex e-con e-child\" data-id=\"bd207ac\" data-element_type=\"container\" data-e-type=\"container\" data-settings=\"{&quot;_ha_eqh_enable&quot;:false}\">\n\t\t\t\t<div class=\"elementor-element elementor-element-eef16fd elementor-invisible elementor-widget elementor-widget-heading\" data-id=\"eef16fd\" data-element_type=\"widget\" data-e-type=\"widget\" data-settings=\"{&quot;_animation&quot;:&quot;fadeInDown&quot;}\" data-widget_type=\"heading.default\">\n\t\t\t\t\t<h1 class=\"elementor-heading-title elementor-size-default\">Estrategias y Planes<\/h1>\t\t\t\t<\/div>\n\t\t\t\t<\/div>\n\t\t\t\t<div class=\"elementor-element elementor-element-2a84faf elementor-absolute elementor-widget elementor-widget-image\" data-id=\"2a84faf\" data-element_type=\"widget\" data-e-type=\"widget\" data-settings=\"{&quot;_position&quot;:&quot;absolute&quot;}\" data-widget_type=\"image.default\">\n\t\t\t\t\t\t\t\t\t\t\t\t\t\t\t<img fetchpriority=\"high\" decoding=\"async\" width=\"646\" height=\"686\" src=\"https:\/\/hub.green-gap.eu\/wp-content\/uploads\/2025\/09\/simbolo-verde-1.svg\" class=\"attachment-large size-large wp-image-815\" alt=\"\" \/>\t\t\t\t\t\t\t\t\t\t\t\t\t\t\t<\/div>\n\t\t\t\t\t<\/div>\n\t\t\t\t<\/div>\n\t\t<div class=\"elementor-element elementor-element-f302dc3 e-con-full e-flex e-con e-parent\" data-id=\"f302dc3\" data-element_type=\"container\" data-e-type=\"container\" id=\"encontraras\" data-settings=\"{&quot;background_background&quot;:&quot;classic&quot;,&quot;_ha_eqh_enable&quot;:false}\">\n\t\t<div class=\"elementor-element elementor-element-067351a e-flex e-con-boxed e-con e-child\" data-id=\"067351a\" data-element_type=\"container\" data-e-type=\"container\" data-settings=\"{&quot;_ha_eqh_enable&quot;:false}\">\n\t\t\t\t\t<div class=\"e-con-inner\">\n\t\t\t\t<div class=\"elementor-element elementor-element-a049fea animated-fast elementor-invisible elementor-widget elementor-widget-heading\" data-id=\"a049fea\" data-element_type=\"widget\" data-e-type=\"widget\" data-settings=\"{&quot;_animation&quot;:&quot;fadeInUp&quot;}\" data-widget_type=\"heading.default\">\n\t\t\t\t\t<h2 class=\"elementor-heading-title elementor-size-default\">Marco estrat\u00e9gico das Infraestruturas Verdes<\/h2>\t\t\t\t<\/div>\n\t\t\t\t<div class=\"elementor-element elementor-element-0e4af3c animated-fast elementor-invisible elementor-widget elementor-widget-text-editor\" data-id=\"0e4af3c\" data-element_type=\"widget\" data-e-type=\"widget\" data-settings=\"{&quot;_animation&quot;:&quot;fadeInDown&quot;}\" data-widget_type=\"text-editor.default\">\n\t\t\t\t\t\t\t\t\t<p>Esta secci\u00f3n recopila las principales <strong>estrategias y planes <\/strong>que enmarcan la implementaci\u00f3n de la <strong>Infraestructura Verde (IG)<\/strong> a diferentes escalas. El objetivo es proporcionar informaci\u00f3n esencial, facilitando el acceso a documentos e instrumentos estrat\u00e9gicos relevantes que gu\u00edan o se basan en pol\u00edticas p\u00fablicas, ordenaci\u00f3n territorial y acciones de adaptaci\u00f3n al cambio clim\u00e1tico en la Eurorregi\u00f3n Galicia-Norte de Portugal.<\/p>\t\t\t\t\t\t\t\t<\/div>\n\t\t<div class=\"elementor-element elementor-element-6c89d54 e-con-full e-flex e-con e-child\" data-id=\"6c89d54\" data-element_type=\"container\" data-e-type=\"container\">\n\t\t\t\t<div class=\"elementor-element elementor-element-694aafa elementor-widget__width-inherit elementor-widget elementor-widget-jet-listing-grid\" data-id=\"694aafa\" data-element_type=\"widget\" data-e-type=\"widget\" data-settings=\"{&quot;columns_mobile&quot;:&quot;1&quot;,&quot;columns_tablet&quot;:&quot;2&quot;,&quot;columns&quot;:&quot;4&quot;}\" data-widget_type=\"jet-listing-grid.default\">\n\t\t\t\t\t<div class=\"jet-listing-grid jet-listing\"><div class=\"jet-listing-grid__items grid-col-desk-4 grid-col-tablet-2 grid-col-mobile-1 jet-listing-grid--2294 jet-equal-columns__wrapper grid-collapse-gap\" data-queried-id=\"4037|WP_Post\" data-nav=\"{&quot;enabled&quot;:true,&quot;type&quot;:&quot;click&quot;,&quot;more_el&quot;:&quot;#ver&quot;,&quot;query&quot;:{&quot;post_status&quot;:[&quot;publish&quot;],&quot;post_type&quot;:&quot;experiencias-locais&quot;,&quot;posts_per_page&quot;:&quot;999&quot;,&quot;paged&quot;:&quot;1&quot;,&quot;ignore_sticky_posts&quot;:&quot;1&quot;,&quot;order&quot;:&quot;ASC&quot;,&quot;orderby&quot;:&quot;date&quot;,&quot;suppress_filters&quot;:false,&quot;jet_smart_filters&quot;:&quot;jet-engine\\\/default&quot;,&quot;signature&quot;:&quot;c6fffa76b191c62c9dfab46f4a93e5c191f68f8dd702ad0f8be3de5420c10f1f&quot;},&quot;widget_settings&quot;:{&quot;lisitng_id&quot;:2294,&quot;posts_num&quot;:999,&quot;columns&quot;:4,&quot;columns_tablet&quot;:2,&quot;columns_mobile&quot;:1,&quot;column_min_width&quot;:240,&quot;column_min_width_tablet&quot;:240,&quot;column_min_width_mobile&quot;:240,&quot;inline_columns_css&quot;:false,&quot;is_archive_template&quot;:&quot;&quot;,&quot;post_status&quot;:[&quot;publish&quot;],&quot;use_random_posts_num&quot;:&quot;&quot;,&quot;max_posts_num&quot;:9,&quot;not_found_message&quot;:&quot;No existen resultados disponibles en estos momentos. &lt;span&gt;Disculpe las molestias.&lt;\\\/span&gt;&quot;,&quot;is_masonry&quot;:false,&quot;equal_columns_height&quot;:&quot;yes&quot;,&quot;use_load_more&quot;:&quot;yes&quot;,&quot;load_more_id&quot;:&quot;ver&quot;,&quot;load_more_type&quot;:&quot;click&quot;,&quot;load_more_offset&quot;:null,&quot;use_custom_post_types&quot;:&quot;&quot;,&quot;custom_post_types&quot;:[],&quot;hide_widget_if&quot;:&quot;&quot;,&quot;carousel_enabled&quot;:&quot;&quot;,&quot;slides_to_scroll&quot;:&quot;1&quot;,&quot;arrows&quot;:&quot;true&quot;,&quot;arrow_icon&quot;:&quot;fa fa-angle-left&quot;,&quot;dots&quot;:&quot;&quot;,&quot;autoplay&quot;:&quot;true&quot;,&quot;pause_on_hover&quot;:&quot;true&quot;,&quot;autoplay_speed&quot;:5000,&quot;infinite&quot;:&quot;true&quot;,&quot;center_mode&quot;:&quot;&quot;,&quot;effect&quot;:&quot;slide&quot;,&quot;speed&quot;:500,&quot;inject_alternative_items&quot;:&quot;yes&quot;,&quot;injection_items&quot;:[{&quot;_id&quot;:&quot;5de59e9&quot;,&quot;item&quot;:&quot;439&quot;,&quot;item_condition_type&quot;:&quot;post_type&quot;,&quot;post_type&quot;:&quot;eventos&quot;},{&quot;item&quot;:&quot;477&quot;,&quot;item_condition_type&quot;:&quot;post_type&quot;,&quot;post_type&quot;:&quot;audiovisuales&quot;,&quot;_id&quot;:&quot;c97eb53&quot;}],&quot;scroll_slider_enabled&quot;:&quot;&quot;,&quot;scroll_slider_on&quot;:[&quot;desktop&quot;,&quot;tablet&quot;,&quot;mobile&quot;],&quot;custom_query&quot;:false,&quot;custom_query_id&quot;:&quot;&quot;,&quot;_element_id&quot;:&quot;&quot;,&quot;collapse_first_last_gap&quot;:&quot;true&quot;,&quot;list_tag_selection&quot;:&quot;&quot;,&quot;list_items_wrapper_tag&quot;:&quot;div&quot;,&quot;list_item_tag&quot;:&quot;div&quot;,&quot;empty_items_wrapper_tag&quot;:&quot;div&quot;}}\" data-page=\"1\" data-pages=\"1\" data-listing-source=\"posts\" data-listing-id=\"2294\" data-query-id=\"\"><div class=\"jet-listing-grid__item jet-listing-dynamic-post-4153 jet-equal-columns elementor-dcss-372669133642477\" data-post-id=\"4153\"  >\t\t<div data-elementor-type=\"jet-listing-items\" data-elementor-id=\"2294\" class=\"elementor elementor-2294\" data-elementor-post-type=\"jet-engine\">\n\t\t\t\t<div class=\"elementor-element elementor-element-a9eebb4 e-flex e-con-boxed e-con e-parent\" data-id=\"a9eebb4\" data-element_type=\"container\" data-e-type=\"container\" data-settings=\"{&quot;background_background&quot;:&quot;classic&quot;,&quot;_ha_eqh_enable&quot;:false}\">\n\t\t\t\t\t<div class=\"e-con-inner\">\n\t\t\t\t<div class=\"elementor-element elementor-element-929f93d custom-color-fecha elementor-widget__width-auto animated-fast elementor-absolute jedv-enabled--yes elementor-invisible elementor-widget elementor-widget-jet-listing-dynamic-field\" data-id=\"929f93d\" data-element_type=\"widget\" data-e-type=\"widget\" data-settings=\"{&quot;_animation&quot;:&quot;fadeInUp&quot;,&quot;_animation_delay&quot;:400,&quot;_position&quot;:&quot;absolute&quot;}\" data-widget_type=\"jet-listing-dynamic-field.default\">\n\t\t\t\t\t<div class=\"jet-listing-dynamic-field__content\" >2025<\/div>\t\t\t\t<\/div>\n\t\t\t\t<div class=\"elementor-element elementor-element-472d6d2 custom-image-color elementor-widget elementor-widget-jet-listing-dynamic-image\" data-id=\"472d6d2\" data-element_type=\"widget\" data-e-type=\"widget\" data-widget_type=\"jet-listing-dynamic-image.default\">\n\t\t\t\t\t<div class=\"jet-listing jet-listing-dynamic-image\" ><img decoding=\"async\" width=\"1117\" height=\"765\" src=\"https:\/\/hub.green-gap.eu\/wp-content\/uploads\/2025\/09\/estrategia-de-infraestructura-verde-y-adaptacion-al-cambio-climatico-de-la-provincia-de-ourense-nr.webp\" class=\"jet-listing-dynamic-image__img attachment-full size-full wp-post-image\" alt=\"estrategia-de-infraestructura-verde-y-adaptacio\u0301n-al-cambio-clima\u0301tico-de-la-provincia-de-ourense-nr\" srcset=\"https:\/\/hub.green-gap.eu\/wp-content\/uploads\/2025\/09\/estrategia-de-infraestructura-verde-y-adaptacion-al-cambio-climatico-de-la-provincia-de-ourense-nr.webp 1117w, https:\/\/hub.green-gap.eu\/wp-content\/uploads\/2025\/09\/estrategia-de-infraestructura-verde-y-adaptacion-al-cambio-climatico-de-la-provincia-de-ourense-nr-300x205.webp 300w, https:\/\/hub.green-gap.eu\/wp-content\/uploads\/2025\/09\/estrategia-de-infraestructura-verde-y-adaptacion-al-cambio-climatico-de-la-provincia-de-ourense-nr-1024x701.webp 1024w, https:\/\/hub.green-gap.eu\/wp-content\/uploads\/2025\/09\/estrategia-de-infraestructura-verde-y-adaptacion-al-cambio-climatico-de-la-provincia-de-ourense-nr-768x526.webp 768w\" sizes=\"(max-width: 1117px) 100vw, 1117px\" loading=\"eager\" \/><\/div>\t\t\t\t<\/div>\n\t\t\t\t<div class=\"elementor-element elementor-element-557ab28 custom-image-color animated-fast elementor-hidden-desktop elementor-hidden-tablet elementor-hidden-mobile elementor-invisible elementor-widget elementor-widget-image\" data-id=\"557ab28\" data-element_type=\"widget\" data-e-type=\"widget\" data-settings=\"{&quot;_animation&quot;:&quot;fadeInUp&quot;}\" data-widget_type=\"image.default\">\n\t\t\t\t\t\t\t\t\t\t\t\t\t\t\t\t<a href=\"https:\/\/hub.green-gap.eu\/es\/experiencias-locais\/estrategia-de-infraestructura-verde-y-adaptacion-al-cambio-climatico-de-la-provincia-de-ourense\/\">\n\t\t\t\t\t\t\t<img decoding=\"async\" width=\"1117\" height=\"765\" src=\"https:\/\/hub.green-gap.eu\/wp-content\/uploads\/2025\/09\/estrategia-de-infraestructura-verde-y-adaptacion-al-cambio-climatico-de-la-provincia-de-ourense-nr.webp\" class=\"attachment-full size-full wp-image-2266\" alt=\"\" srcset=\"https:\/\/hub.green-gap.eu\/wp-content\/uploads\/2025\/09\/estrategia-de-infraestructura-verde-y-adaptacion-al-cambio-climatico-de-la-provincia-de-ourense-nr.webp 1117w, https:\/\/hub.green-gap.eu\/wp-content\/uploads\/2025\/09\/estrategia-de-infraestructura-verde-y-adaptacion-al-cambio-climatico-de-la-provincia-de-ourense-nr-300x205.webp 300w, https:\/\/hub.green-gap.eu\/wp-content\/uploads\/2025\/09\/estrategia-de-infraestructura-verde-y-adaptacion-al-cambio-climatico-de-la-provincia-de-ourense-nr-1024x701.webp 1024w, https:\/\/hub.green-gap.eu\/wp-content\/uploads\/2025\/09\/estrategia-de-infraestructura-verde-y-adaptacion-al-cambio-climatico-de-la-provincia-de-ourense-nr-768x526.webp 768w\" sizes=\"(max-width: 1117px) 100vw, 1117px\" \/>\t\t\t\t\t\t\t\t<\/a>\n\t\t\t\t\t\t\t\t\t\t\t\t\t\t\t<\/div>\n\t\t\t\t<div class=\"elementor-element elementor-element-28e25d1 custom-entrada-title animated-fast elementor-invisible elementor-widget elementor-widget-heading\" data-id=\"28e25d1\" data-element_type=\"widget\" data-e-type=\"widget\" data-settings=\"{&quot;_animation&quot;:&quot;fadeInDown&quot;,&quot;_animation_delay&quot;:300}\" data-widget_type=\"heading.default\">\n\t\t\t\t\t<h6 class=\"elementor-heading-title elementor-size-default\"><a href=\"https:\/\/hub.green-gap.eu\/es\/experiencias-locais\/estrategia-de-infraestructura-verde-y-adaptacion-al-cambio-climatico-de-la-provincia-de-ourense\/\">Estrategia de Infraestructura Verde y Adaptaci\u00f3n al Cambio Clim\u00e1tico de la Provincia de Ourense<\/a><\/h6>\t\t\t\t<\/div>\n\t\t\t\t\t<\/div>\n\t\t\t\t<\/div>\n\t\t\t\t<\/div>\n\t\t<\/div><div class=\"jet-listing-grid__item jet-listing-dynamic-post-4152 jet-equal-columns elementor-dcss-372669168693784\" data-post-id=\"4152\"  >\t\t<div data-elementor-type=\"jet-listing-items\" data-elementor-id=\"2294\" class=\"elementor elementor-2294\" data-elementor-post-type=\"jet-engine\">\n\t\t\t\t<div class=\"elementor-element elementor-element-a9eebb4 e-flex e-con-boxed e-con e-parent\" data-id=\"a9eebb4\" data-element_type=\"container\" data-e-type=\"container\" data-settings=\"{&quot;background_background&quot;:&quot;classic&quot;,&quot;_ha_eqh_enable&quot;:false}\">\n\t\t\t\t\t<div class=\"e-con-inner\">\n\t\t\t\t<div class=\"elementor-element elementor-element-929f93d custom-color-fecha elementor-widget__width-auto animated-fast elementor-absolute jedv-enabled--yes elementor-invisible elementor-widget elementor-widget-jet-listing-dynamic-field\" data-id=\"929f93d\" data-element_type=\"widget\" data-e-type=\"widget\" data-settings=\"{&quot;_animation&quot;:&quot;fadeInUp&quot;,&quot;_animation_delay&quot;:400,&quot;_position&quot;:&quot;absolute&quot;}\" data-widget_type=\"jet-listing-dynamic-field.default\">\n\t\t\t\t\t<div class=\"jet-listing-dynamic-field__content\" >2025<\/div>\t\t\t\t<\/div>\n\t\t\t\t<div class=\"elementor-element elementor-element-472d6d2 custom-image-color elementor-widget elementor-widget-jet-listing-dynamic-image\" data-id=\"472d6d2\" data-element_type=\"widget\" data-e-type=\"widget\" data-widget_type=\"jet-listing-dynamic-image.default\">\n\t\t\t\t\t<div class=\"jet-listing jet-listing-dynamic-image\" ><img decoding=\"async\" width=\"800\" height=\"533\" src=\"https:\/\/hub.green-gap.eu\/wp-content\/uploads\/2025\/09\/image_018.webp\" class=\"jet-listing-dynamic-image__img attachment-full size-full wp-post-image\" alt=\"image_018\" srcset=\"https:\/\/hub.green-gap.eu\/wp-content\/uploads\/2025\/09\/image_018.webp 800w, https:\/\/hub.green-gap.eu\/wp-content\/uploads\/2025\/09\/image_018-300x200.webp 300w, https:\/\/hub.green-gap.eu\/wp-content\/uploads\/2025\/09\/image_018-768x512.webp 768w\" sizes=\"(max-width: 800px) 100vw, 800px\" loading=\"eager\" \/><\/div>\t\t\t\t<\/div>\n\t\t\t\t<div class=\"elementor-element elementor-element-557ab28 custom-image-color animated-fast elementor-hidden-desktop elementor-hidden-tablet elementor-hidden-mobile elementor-invisible elementor-widget elementor-widget-image\" data-id=\"557ab28\" data-element_type=\"widget\" data-e-type=\"widget\" data-settings=\"{&quot;_animation&quot;:&quot;fadeInUp&quot;}\" data-widget_type=\"image.default\">\n\t\t\t\t\t\t\t\t\t\t\t\t\t\t\t\t<a href=\"https:\/\/hub.green-gap.eu\/es\/experiencias-locais\/estrategia-local-de-infraestructura-verde-de-pontevedra\/\">\n\t\t\t\t\t\t\t<img decoding=\"async\" width=\"800\" height=\"533\" src=\"https:\/\/hub.green-gap.eu\/wp-content\/uploads\/2025\/09\/image_018.webp\" class=\"attachment-full size-full wp-image-525\" alt=\"\" srcset=\"https:\/\/hub.green-gap.eu\/wp-content\/uploads\/2025\/09\/image_018.webp 800w, https:\/\/hub.green-gap.eu\/wp-content\/uploads\/2025\/09\/image_018-300x200.webp 300w, https:\/\/hub.green-gap.eu\/wp-content\/uploads\/2025\/09\/image_018-768x512.webp 768w\" sizes=\"(max-width: 800px) 100vw, 800px\" \/>\t\t\t\t\t\t\t\t<\/a>\n\t\t\t\t\t\t\t\t\t\t\t\t\t\t\t<\/div>\n\t\t\t\t<div class=\"elementor-element elementor-element-28e25d1 custom-entrada-title animated-fast elementor-invisible elementor-widget elementor-widget-heading\" data-id=\"28e25d1\" data-element_type=\"widget\" data-e-type=\"widget\" data-settings=\"{&quot;_animation&quot;:&quot;fadeInDown&quot;,&quot;_animation_delay&quot;:300}\" data-widget_type=\"heading.default\">\n\t\t\t\t\t<h6 class=\"elementor-heading-title elementor-size-default\"><a href=\"https:\/\/hub.green-gap.eu\/es\/experiencias-locais\/estrategia-local-de-infraestructura-verde-de-pontevedra\/\">Estrategia Local de Infraestructura Verde de Pontevedra<\/a><\/h6>\t\t\t\t<\/div>\n\t\t\t\t\t<\/div>\n\t\t\t\t<\/div>\n\t\t\t\t<\/div>\n\t\t<\/div><div class=\"jet-listing-grid__item jet-listing-dynamic-post-4151 jet-equal-columns elementor-dcss-372669198443759\" data-post-id=\"4151\"  >\t\t<div data-elementor-type=\"jet-listing-items\" data-elementor-id=\"2294\" class=\"elementor elementor-2294\" data-elementor-post-type=\"jet-engine\">\n\t\t\t\t<div class=\"elementor-element elementor-element-a9eebb4 e-flex e-con-boxed e-con e-parent\" data-id=\"a9eebb4\" data-element_type=\"container\" data-e-type=\"container\" data-settings=\"{&quot;background_background&quot;:&quot;classic&quot;,&quot;_ha_eqh_enable&quot;:false}\">\n\t\t\t\t\t<div class=\"e-con-inner\">\n\t\t\t\t<div class=\"elementor-element elementor-element-929f93d custom-color-fecha elementor-widget__width-auto animated-fast elementor-absolute jedv-enabled--yes elementor-invisible elementor-widget elementor-widget-jet-listing-dynamic-field\" data-id=\"929f93d\" data-element_type=\"widget\" data-e-type=\"widget\" data-settings=\"{&quot;_animation&quot;:&quot;fadeInUp&quot;,&quot;_animation_delay&quot;:400,&quot;_position&quot;:&quot;absolute&quot;}\" data-widget_type=\"jet-listing-dynamic-field.default\">\n\t\t\t\t\t<div class=\"jet-listing-dynamic-field__content\" >2025<\/div>\t\t\t\t<\/div>\n\t\t\t\t<div class=\"elementor-element elementor-element-472d6d2 custom-image-color elementor-widget elementor-widget-jet-listing-dynamic-image\" data-id=\"472d6d2\" data-element_type=\"widget\" data-e-type=\"widget\" data-widget_type=\"jet-listing-dynamic-image.default\">\n\t\t\t\t\t<div class=\"jet-listing jet-listing-dynamic-image\" ><img decoding=\"async\" width=\"800\" height=\"533\" src=\"https:\/\/hub.green-gap.eu\/wp-content\/uploads\/2025\/09\/image_027.webp\" class=\"jet-listing-dynamic-image__img attachment-full size-full wp-post-image\" alt=\"image_027\" srcset=\"https:\/\/hub.green-gap.eu\/wp-content\/uploads\/2025\/09\/image_027.webp 800w, https:\/\/hub.green-gap.eu\/wp-content\/uploads\/2025\/09\/image_027-300x200.webp 300w, https:\/\/hub.green-gap.eu\/wp-content\/uploads\/2025\/09\/image_027-768x512.webp 768w\" sizes=\"(max-width: 800px) 100vw, 800px\" loading=\"eager\" \/><\/div>\t\t\t\t<\/div>\n\t\t\t\t<div class=\"elementor-element elementor-element-557ab28 custom-image-color animated-fast elementor-hidden-desktop elementor-hidden-tablet elementor-hidden-mobile elementor-invisible elementor-widget elementor-widget-image\" data-id=\"557ab28\" data-element_type=\"widget\" data-e-type=\"widget\" data-settings=\"{&quot;_animation&quot;:&quot;fadeInUp&quot;}\" data-widget_type=\"image.default\">\n\t\t\t\t\t\t\t\t\t\t\t\t\t\t\t\t<a href=\"https:\/\/hub.green-gap.eu\/es\/experiencias-locais\/estrategia-local-de-infraestructura-verde-de-guimaraes\/\">\n\t\t\t\t\t\t\t<img loading=\"lazy\" decoding=\"async\" width=\"800\" height=\"533\" src=\"https:\/\/hub.green-gap.eu\/wp-content\/uploads\/2025\/09\/image_027.webp\" class=\"attachment-full size-full wp-image-487\" alt=\"\" srcset=\"https:\/\/hub.green-gap.eu\/wp-content\/uploads\/2025\/09\/image_027.webp 800w, https:\/\/hub.green-gap.eu\/wp-content\/uploads\/2025\/09\/image_027-300x200.webp 300w, https:\/\/hub.green-gap.eu\/wp-content\/uploads\/2025\/09\/image_027-768x512.webp 768w\" sizes=\"(max-width: 800px) 100vw, 800px\" \/>\t\t\t\t\t\t\t\t<\/a>\n\t\t\t\t\t\t\t\t\t\t\t\t\t\t\t<\/div>\n\t\t\t\t<div class=\"elementor-element elementor-element-28e25d1 custom-entrada-title animated-fast elementor-invisible elementor-widget elementor-widget-heading\" data-id=\"28e25d1\" data-element_type=\"widget\" data-e-type=\"widget\" data-settings=\"{&quot;_animation&quot;:&quot;fadeInDown&quot;,&quot;_animation_delay&quot;:300}\" data-widget_type=\"heading.default\">\n\t\t\t\t\t<h6 class=\"elementor-heading-title elementor-size-default\"><a href=\"https:\/\/hub.green-gap.eu\/es\/experiencias-locais\/estrategia-local-de-infraestructura-verde-de-guimaraes\/\">Estrategia Local de Infraestructura Verde de Guimar\u00e3es<\/a><\/h6>\t\t\t\t<\/div>\n\t\t\t\t\t<\/div>\n\t\t\t\t<\/div>\n\t\t\t\t<\/div>\n\t\t<\/div><div class=\"jet-listing-grid__item jet-listing-dynamic-post-4150 jet-equal-columns elementor-dcss-372669228304116\" data-post-id=\"4150\"  >\t\t<div data-elementor-type=\"jet-listing-items\" data-elementor-id=\"2294\" class=\"elementor elementor-2294\" data-elementor-post-type=\"jet-engine\">\n\t\t\t\t<div class=\"elementor-element elementor-element-a9eebb4 e-flex e-con-boxed e-con e-parent\" data-id=\"a9eebb4\" data-element_type=\"container\" data-e-type=\"container\" data-settings=\"{&quot;background_background&quot;:&quot;classic&quot;,&quot;_ha_eqh_enable&quot;:false}\">\n\t\t\t\t\t<div class=\"e-con-inner\">\n\t\t\t\t<div class=\"elementor-element elementor-element-929f93d custom-color-fecha elementor-widget__width-auto animated-fast elementor-absolute jedv-enabled--yes elementor-invisible elementor-widget elementor-widget-jet-listing-dynamic-field\" data-id=\"929f93d\" data-element_type=\"widget\" data-e-type=\"widget\" data-settings=\"{&quot;_animation&quot;:&quot;fadeInUp&quot;,&quot;_animation_delay&quot;:400,&quot;_position&quot;:&quot;absolute&quot;}\" data-widget_type=\"jet-listing-dynamic-field.default\">\n\t\t\t\t\t<div class=\"jet-listing-dynamic-field__content\" >2025<\/div>\t\t\t\t<\/div>\n\t\t\t\t<div class=\"elementor-element elementor-element-472d6d2 custom-image-color elementor-widget elementor-widget-jet-listing-dynamic-image\" data-id=\"472d6d2\" data-element_type=\"widget\" data-e-type=\"widget\" data-widget_type=\"jet-listing-dynamic-image.default\">\n\t\t\t\t\t<div class=\"jet-listing jet-listing-dynamic-image\" ><img decoding=\"async\" width=\"533\" height=\"800\" src=\"https:\/\/hub.green-gap.eu\/wp-content\/uploads\/2025\/09\/image_011.webp\" class=\"jet-listing-dynamic-image__img attachment-full size-full wp-post-image\" alt=\"image_011\" srcset=\"https:\/\/hub.green-gap.eu\/wp-content\/uploads\/2025\/09\/image_011.webp 533w, https:\/\/hub.green-gap.eu\/wp-content\/uploads\/2025\/09\/image_011-200x300.webp 200w\" sizes=\"(max-width: 533px) 100vw, 533px\" loading=\"eager\" \/><\/div>\t\t\t\t<\/div>\n\t\t\t\t<div class=\"elementor-element elementor-element-557ab28 custom-image-color animated-fast elementor-hidden-desktop elementor-hidden-tablet elementor-hidden-mobile elementor-invisible elementor-widget elementor-widget-image\" data-id=\"557ab28\" data-element_type=\"widget\" data-e-type=\"widget\" data-settings=\"{&quot;_animation&quot;:&quot;fadeInUp&quot;}\" data-widget_type=\"image.default\">\n\t\t\t\t\t\t\t\t\t\t\t\t\t\t\t\t<a href=\"https:\/\/hub.green-gap.eu\/es\/experiencias-locais\/estrategia-local-de-infraestructura-verde-de-paredes-de-coura\/\">\n\t\t\t\t\t\t\t<img loading=\"lazy\" decoding=\"async\" width=\"533\" height=\"800\" src=\"https:\/\/hub.green-gap.eu\/wp-content\/uploads\/2025\/09\/image_011.webp\" class=\"attachment-full size-full wp-image-511\" alt=\"\" srcset=\"https:\/\/hub.green-gap.eu\/wp-content\/uploads\/2025\/09\/image_011.webp 533w, https:\/\/hub.green-gap.eu\/wp-content\/uploads\/2025\/09\/image_011-200x300.webp 200w\" sizes=\"(max-width: 533px) 100vw, 533px\" \/>\t\t\t\t\t\t\t\t<\/a>\n\t\t\t\t\t\t\t\t\t\t\t\t\t\t\t<\/div>\n\t\t\t\t<div class=\"elementor-element elementor-element-28e25d1 custom-entrada-title animated-fast elementor-invisible elementor-widget elementor-widget-heading\" data-id=\"28e25d1\" data-element_type=\"widget\" data-e-type=\"widget\" data-settings=\"{&quot;_animation&quot;:&quot;fadeInDown&quot;,&quot;_animation_delay&quot;:300}\" data-widget_type=\"heading.default\">\n\t\t\t\t\t<h6 class=\"elementor-heading-title elementor-size-default\"><a href=\"https:\/\/hub.green-gap.eu\/es\/experiencias-locais\/estrategia-local-de-infraestructura-verde-de-paredes-de-coura\/\">Estrategia Local de Infraestructura Verde de Paredes de Coura<\/a><\/h6>\t\t\t\t<\/div>\n\t\t\t\t\t<\/div>\n\t\t\t\t<\/div>\n\t\t\t\t<\/div>\n\t\t<\/div><\/div><div class=\"jet-listing-grid__loader\"><div class=\"jet-listing-grid__loader-text\">ver<\/div><\/div><\/div>\t\t\t\t<\/div>\n\t\t\t\t<\/div>\n\t\t\t\t\t<\/div>\n\t\t\t\t<\/div>\n\t\t\t\t<div class=\"elementor-element elementor-element-a5cbd07 elementor-widget elementor-widget-spacer\" data-id=\"a5cbd07\" data-element_type=\"widget\" data-e-type=\"widget\" data-widget_type=\"spacer.default\">\n\t\t\t\t\t\t\t<div class=\"elementor-spacer\">\n\t\t\t<div class=\"elementor-spacer-inner\"><\/div>\n\t\t<\/div>\n\t\t\t\t\t\t<\/div>\n\t\t\t\t<\/div>\n\t\t\t\t<\/div>\n\t\t","protected":false},"excerpt":{"rendered":"<p>Marco estrat\u00e9gico das Infraestruturas Verdes Esta secci\u00f3n recopila las principales estrategias y planes que enmarcan la implementaci\u00f3n de la Infraestructura Verde (IG) a diferentes escalas. El objetivo es proporcionar informaci\u00f3n esencial, facilitando el acceso a documentos e instrumentos estrat\u00e9gicos relevantes que gu\u00edan o se basan en pol\u00edticas p\u00fablicas, ordenaci\u00f3n territorial y acciones de adaptaci\u00f3n al [&hellip;]<\/p>\n","protected":false},"author":1,"featured_media":0,"parent":0,"menu_order":0,"comment_status":"closed","ping_status":"closed","template":"","meta":{"footnotes":""},"class_list":["post-4037","page","type-page","status-publish","hentry"],"_links":{"self":[{"href":"https:\/\/hub.green-gap.eu\/es\/wp-json\/wp\/v2\/pages\/4037","targetHints":{"allow":["GET"]}}],"collection":[{"href":"https:\/\/hub.green-gap.eu\/es\/wp-json\/wp\/v2\/pages"}],"about":[{"href":"https:\/\/hub.green-gap.eu\/es\/wp-json\/wp\/v2\/types\/page"}],"author":[{"embeddable":true,"href":"https:\/\/hub.green-gap.eu\/es\/wp-json\/wp\/v2\/users\/1"}],"replies":[{"embeddable":true,"href":"https:\/\/hub.green-gap.eu\/es\/wp-json\/wp\/v2\/comments?post=4037"}],"version-history":[{"count":0,"href":"https:\/\/hub.green-gap.eu\/es\/wp-json\/wp\/v2\/pages\/4037\/revisions"}],"wp:attachment":[{"href":"https:\/\/hub.green-gap.eu\/es\/wp-json\/wp\/v2\/media?parent=4037"}],"curies":[{"name":"wp","href":"https:\/\/api.w.org\/{rel}","templated":true}]}}