{"id":2590,"date":"2025-10-02T12:27:30","date_gmt":"2025-10-02T10:27:30","guid":{"rendered":"https:\/\/hub.green-gap.eu\/politica-de-cookies\/"},"modified":"2025-10-02T13:14:56","modified_gmt":"2025-10-02T11:14:56","slug":"politica-de-cookies","status":"publish","type":"page","link":"https:\/\/hub.green-gap.eu\/es\/politica-de-cookies\/","title":{"rendered":"Pol\u00edtica de Cookies"},"content":{"rendered":"\t\t<div data-elementor-type=\"wp-page\" data-elementor-id=\"2590\" class=\"elementor elementor-2590 elementor-2546\" data-elementor-post-type=\"page\">\n\t\t\t\t<div class=\"elementor-element elementor-element-b9dd0e4 e-flex e-con-boxed e-con e-parent\" data-id=\"b9dd0e4\" data-element_type=\"container\" data-e-type=\"container\" data-settings=\"{&quot;background_background&quot;:&quot;classic&quot;,&quot;_ha_eqh_enable&quot;:false}\">\n\t\t\t\t\t<div class=\"e-con-inner\">\n\t\t<div class=\"elementor-element elementor-element-bd207ac e-con-full e-flex e-con e-child\" data-id=\"bd207ac\" data-element_type=\"container\" data-e-type=\"container\" data-settings=\"{&quot;_ha_eqh_enable&quot;:false}\">\n\t\t\t\t<div class=\"elementor-element elementor-element-eef16fd elementor-invisible elementor-widget elementor-widget-heading\" data-id=\"eef16fd\" data-element_type=\"widget\" data-e-type=\"widget\" data-settings=\"{&quot;_animation&quot;:&quot;fadeInDown&quot;}\" data-widget_type=\"heading.default\">\n\t\t\t\t\t<h1 class=\"elementor-heading-title elementor-size-default\">Pol\u00edtica de Cookies<\/h1>\t\t\t\t<\/div>\n\t\t\t\t<\/div>\n\t\t\t\t<div class=\"elementor-element elementor-element-2a84faf elementor-absolute elementor-widget elementor-widget-image\" data-id=\"2a84faf\" data-element_type=\"widget\" data-e-type=\"widget\" data-settings=\"{&quot;_position&quot;:&quot;absolute&quot;}\" data-widget_type=\"image.default\">\n\t\t\t\t\t\t\t\t\t\t\t\t\t\t\t<img fetchpriority=\"high\" decoding=\"async\" width=\"646\" height=\"686\" src=\"https:\/\/hub.green-gap.eu\/wp-content\/uploads\/2025\/09\/simbolo-verde-1.svg\" class=\"attachment-large size-large wp-image-815\" alt=\"\" \/>\t\t\t\t\t\t\t\t\t\t\t\t\t\t\t<\/div>\n\t\t\t\t\t<\/div>\n\t\t\t\t<\/div>\n\t\t<div class=\"elementor-element elementor-element-1b996a9 e-con-full e-flex e-con e-parent\" data-id=\"1b996a9\" data-element_type=\"container\" data-e-type=\"container\" data-settings=\"{&quot;background_background&quot;:&quot;classic&quot;,&quot;_ha_eqh_enable&quot;:false}\">\n\t\t<div class=\"elementor-element elementor-element-fb432f2 e-flex e-con-boxed e-con e-child\" data-id=\"fb432f2\" data-element_type=\"container\" data-e-type=\"container\" data-settings=\"{&quot;_ha_eqh_enable&quot;:false}\">\n\t\t\t\t\t<div class=\"e-con-inner\">\n\t\t\t\t<div class=\"elementor-element elementor-element-7d6d0e1 animated-fast custom-text elementor-invisible elementor-widget elementor-widget-text-editor\" data-id=\"7d6d0e1\" data-element_type=\"widget\" data-e-type=\"widget\" data-settings=\"{&quot;_animation&quot;:&quot;fadeInDown&quot;}\" data-widget_type=\"text-editor.default\">\n\t\t\t\t\t\t\t\t\t<div id=\"mpc_textblock-896525b1f85f735\" class=\"mpc-textblock corpo_mensagem mpc-inited\" style=\"opacity: 1;\"><h3><strong>POL\u00cdTICA DE COOKIES<\/strong><\/h3><p>El sitio web <strong>green-gap.eu<\/strong> utiliza cookies para ofrecer una mejor experiencia de navegaci\u00f3n. Si da su consentimiento, utilizaremos cookies para obtener m\u00e1s informaci\u00f3n sobre sus preferencias y personalizar nuestro sitio seg\u00fan sus intereses individuales, proporcionando una navegaci\u00f3n m\u00e1s fluida y personalizada.<\/p><p>En green-gap.eu, queremos informarle de forma clara y precisa sobre las cookies que utilizamos en nuestro sitio web. En cualquier momento puede aceptarlas, rechazarlas o configurar las diferentes cookies que usamos. Si desea obtener m\u00e1s informaci\u00f3n sobre su uso y finalidad, puede enviar un correo electr\u00f3nico a <a href=\"mailto:info@green-gap.eu\">info@green-gap.eu<\/a>.<\/p><h3><strong>\u00bfQU\u00c9 ES UNA COOKIE?<\/strong><\/h3><p>Una cookie es un peque\u00f1o archivo que se descarga en el ordenador, tableta o smartphone del usuario para almacenar datos e informaci\u00f3n que pueden ser actualizados y recuperados por la entidad responsable de su instalaci\u00f3n.<\/p><p>La informaci\u00f3n recopilada a trav\u00e9s de las cookies puede incluir la fecha y la hora de las visitas al sitio web, las diferentes secciones visualizadas o el tiempo de permanencia. Estos datos se utilizan para mejorar el contenido, hacerlo m\u00e1s atractivo y posicionar correctamente los contenidos m\u00e1s relevantes para usted.<\/p><h3><strong>\u00bfQu\u00e9 tipos de cookies utiliza este sitio web?<\/strong><\/h3><p>Este sitio utiliza los siguientes tipos de cookies:<\/p><p><strong>&#8211; Cookies propias<\/strong><\/p><p>Se env\u00edan a su dispositivo y son gestionadas exclusivamente por nosotros para el correcto funcionamiento del sitio web. La informaci\u00f3n recopilada se utiliza para mejorar la calidad de nuestro servicio y su experiencia como usuario.<\/p><p><strong>&#8211; Cookies de terceros<\/strong><\/p><p>Se env\u00edan a su dispositivo desde un dominio o equipo que no es gestionado por nosotros, sino por otra entidad colaboradora, como las cookies anal\u00edticas de Google o las utilizadas por las redes sociales para permitir compartir o recomendar contenidos de nuestro sitio.<\/p><ul><li>Las cookies necesarias son esenciales para el correcto funcionamiento del sitio, garantizando funcionalidades b\u00e1sicas y caracter\u00edsticas de seguridad de forma an\u00f3nima.<\/li><li>Las cookies anal\u00edticas se utilizan para comprender c\u00f3mo interact\u00faan los visitantes con el sitio, proporcionando informaci\u00f3n sobre m\u00e9tricas como n\u00famero de visitas, tasa de rebote u origen del tr\u00e1fico.<\/li><li>Las cookies de rendimiento permiten analizar los principales \u00edndices de rendimiento del sitio, mejorando la experiencia del usuario.<\/li><li>Las cookies publicitarias se emplean para ofrecer anuncios relevantes y campa\u00f1as de marketing personalizadas.<\/li><li>Las cookies funcionales permiten compartir contenido en redes sociales, recoger comentarios y otras funcionalidades de terceros.<\/li><\/ul><h3><strong>Cookies espec\u00edficas utilizadas en este sitio:<\/strong><\/h3><div class=\"table-container\"><table class=\"table-rwd\"><thead><tr><th><strong>Nombre<\/strong><\/th><th><strong>Finalidad<\/strong><\/th><th><strong>Duraci\u00f3n<\/strong><\/th><th><strong>Tipolog\u00eda<\/strong><\/th><\/tr><\/thead><tbody><tr><td>__utma<\/td><td>Para distinguir usuarios y sesiones. De Google Analytics.<\/td><td>2 a\u00f1os<\/td><td>An\u00e1lisis<\/td><\/tr><tr><td>__utmb<\/td><td>Para determinar nuevas sesiones o visitas. De Google Analytics.<\/td><td>30 minutos<\/td><td>An\u00e1lisis<\/td><\/tr><tr><td>__utmc<\/td><td>Configurado para interactuar con urchin.js. De Google Analytics.<\/td><td>Al finalizar la sesi\u00f3n<\/td><td>An\u00e1lisis<\/td><\/tr><tr><td>__utmt<\/td><td>Para limitar el porcentaje de solicitudes. De Google Analytics.<\/td><td>10 minutos<\/td><td>An\u00e1lisis<\/td><\/tr><tr><td>__utmz<\/td><td>Almacena la fuente de tr\u00e1fico o la campa\u00f1a que explica c\u00f3mo lleg\u00f3 el usuario al sitio. De Google Analytics.<\/td><td>6 meses<\/td><td>An\u00e1lisis<\/td><\/tr><tr><td>cookielawinfo-checkbox-necessary<\/td><td>Indica si se ha aceptado la pol\u00edtica de cookies.<\/td><td>Expira con la sesi\u00f3n<\/td><td>T\u00e9cnica<\/td><\/tr><tr><td>cookielawinfo-checkbox-non-necessary<\/td><td>Indica si se ha aceptado la pol\u00edtica de cookies no necesarias.<\/td><td>Expira con la sesi\u00f3n<\/td><td>T\u00e9cnica<\/td><\/tr><\/tbody><\/table><\/div><h3><strong>\u00bfC\u00f3mo puedo configurar o deshabilitar las cookies que utiliza este sitio web?<\/strong><\/h3><p>Contamos con un complemento que permite aceptar, rechazar o configurar las cookies en cualquier momento.<\/p><p>Tambi\u00e9n puede restringir o bloquear las cookies a trav\u00e9s de la configuraci\u00f3n de su navegador. Los principales navegadores ofrecen las siguientes opciones:<\/p><ul><li><strong><a href=\"https:\/\/support.microsoft.com\/es-es\/help\/17442\/windows-internet-explorer-delete-manage-cookies\">Internet Explorer<\/a><\/strong><\/li><li><strong><a href=\"https:\/\/support.mozilla.org\/es\/kb\/habilitar-y-deshabilitar-cookies-sitios-web-rastrear-preferencias\">Firefox<\/a><\/strong><\/li><li><strong><a href=\"https:\/\/support.google.com\/accounts\/answer\/61416?co=GENIE.Platform%3DDesktop&amp;hl=es\">Chrome<\/a><\/strong><\/li><li><strong><a href=\"https:\/\/support.apple.com\/es-es\/guide\/safari\/sfri11471\/mac\">Safari<\/a><\/strong><\/li><\/ul><p>Si impide la instalaci\u00f3n de cookies, algunas funcionalidades del sitio web pueden verse afectadas.<\/p><h3><strong>Modificaciones en la pol\u00edtica de cookies<\/strong><\/h3><p>Podemos actualizar la pol\u00edtica de cookies del sitio web. Se recomienda revisar esta pol\u00edtica peri\u00f3dicamente para estar informado sobre el uso de cookies. \u00daltima actualizaci\u00f3n: 1 de julio de 2024.<\/p><\/div>\t\t\t\t\t\t\t\t<\/div>\n\t\t\t\t<div class=\"elementor-element elementor-element-8485d21 elementor-hidden-desktop elementor-hidden-tablet elementor-hidden-mobile elementor-widget elementor-widget-html\" data-id=\"8485d21\" data-element_type=\"widget\" data-e-type=\"widget\" data-widget_type=\"html.default\">\n\t\t\t\t\t<style>\n.custom-text {\n    padding: 30px;\n    color: color: var(--e-global-color-text);\n    background-color: white;\n    border-style: solid;\n    border-width: 1px;\n    border-color: var(--e-global-color-47c4499);\n    background-color: #FFFFFF40;\n    background-color: white;\n    border-radius: 20px;\n    font-weight: 400!important;\n}\n.custom-text strong,\n.custom-text a{\n    color: var( --e-global-color-primary );\n    font-weight: 600!important;\n}\n.custom-text a:hover{\n    color: var( --e-global-color-primary );\n    text-decoration: underline;\n    font-weight: 600!important;\n}\n\/*\n.custom-text ol {\n      margin-bottom:20px;\n      font-weight:500;\n}\n.custom-text ol li {\n      color: var( --e-global-color-primary );\n}\n*\/\n.custom-text h2,\n.custom-text h3,\n.custom-text h4{\n  color: var( --e-global-color-primary );\n  font-weight: 500!important;\n  font-size: 28px;\n  line-height: 1.3em;\n  \/*text-transform: uppercase;*\/\n  \/*margin-top: 30px;*\/\n  font-family: var(--e-global-typography-primary-font-family), Sans-serif!important;\n}\n.custom-text h3,\n.custom-text h4{\n  \/*color: var( --e-global-color-text );*\/\n  font-size: 26px;\n}\n.custom-text h2:not(:first-of-type),\n.custom-text h3:not(:first-of-type),\n.custom-text h4:not(:first-of-type) {\n  margin-top: 30px;\n}\n.custom-text h2:first-child {\n  margin-top: 0px;\n}\n.custom-text ol,\n.custom-text ul {\n  display: block;\n  padding-top: 20px;\n  padding-bottom: 10px;\n  padding-right: 20px;\n  flex-direction: row;\n  align-items: center;\n  justify-content: start;\n     \/* background-color: var(--e-global-color-accent);*\/\n\/*background: linear-gradient(90deg, rgba(255,255,255,1) 0%, rgba(222,236,253,1) 100%);*\/\n  margin-top: 20px;\n  margin-bottom: 20px;\n  border-radius: 0px; \n  background-color: white;\n      background-color:#FFFFFF40;\n      background-color: var(--e-global-color-e65a46a);\n    border:1px solid var(--e-global-color-47c4499);\n}\n.custom-text ul li::marker,\n.custom-text ol li::marker {\n    color: var( --e-global-color-primary );\n}\n.custom-text ol li,\n.custom-text ul li {\n  font-size: 16px!important;\n  margin: 0;\n  list-style:none;\n  list-style-type: square;\n  padding: 0 .2em; \/* indentation + .5em *\/\n  line-height: 1.2em; \/* default list item's `line-height` *\/\n  margin-bottom: 1em;\n  position: relative;\n  \/*color: var( --e-global-color-primary );*\/\n}\n.custom-text ol li:before,\n.custom-text ul li:before {\n    content:\"\";\n    top:0;\n    left:-20px;\n    position: absolute;\n    display: flex;\n    height: 100%;\n    \/*border-left:3px solid var( --e-global-color-primary );*\/\n}\n\n.custom-text ul li ul {\n  display: block;\n  padding-top: 20px;\n  padding-bottom: 10px;\n  padding-right: 20px;\n  flex-direction: row;\n  align-items: center;\n  justify-content: start;\n  background: rgb(255,255,255);\n\/*background: linear-gradient(90deg, rgba(255,255,255,1) 0%, rgba(222,236,253,1) 100%);*\/\n  margin-top: 20px;\n  margin-bottom: 20px;\n  margin-right: 20px;\n  border-radius: 0!important;\n}\n.custom-text ul li ul li {\n  margin: 0;\n  list-style:none;\n  padding: 0 .2em;\n  line-height: 1.2em;\n  margin-bottom: 1em;\n  position: relative;\n}\n.custom-text ul li ul li:before {\n    content:\"\";\n    top:0;\n    left:-20px;\n    position: absolute;\n    display: flex;\n    height: 100%;\n    border-left:3px solid var( --e-global-color-primary );\n}\n\n<\/style>\t\t\t\t<\/div>\n\t\t\t\t<div class=\"elementor-element elementor-element-1e1f83c elementor-hidden-desktop elementor-hidden-tablet elementor-hidden-mobile elementor-widget elementor-widget-html\" data-id=\"1e1f83c\" data-element_type=\"widget\" data-e-type=\"widget\" data-widget_type=\"html.default\">\n\t\t\t\t\t<style>\n.custom-table{\n    margin-top: 50px;\n    margin-bottom: 50px;\n}\n.custom-table table {\n  width: 100%;\n  border-collapse: collapse;\n  background-color: var(--e-global-color-6112507);\n  box-shadow: 0 4px 8px rgba(0, 0, 0, 0.1);\n  border-radius: 12px;\n  overflow: hidden;\n}\n\n.custom-table thead {\n  background-color: var(--e-global-color-primary);\n  color: #fff;\n  font-size: 13px;\n  font-weight: 400!important;\n  text-transform: uppercase;\n  letter-spacing: 0.05em;\n}\n\n.custom-table th, .custom-table td {\n  padding: 16px 20px;\n  border: 1px solid var(--e-global-color-secondary);\n  text-align: left;\n  transition: background 0.3s ease;\n}\n\n.custom-table tbody tr:nth-child(even) {\n  background-color: #ffffff;\n}\n\n.custom-table tbody tr:nth-child(odd) {\n  background-color: var(--e-global-color-6112507);\n}\n\n.custom-table tbody tr:hover {\n  background-color: var(--e-global-color-accent)!important;\n  color: #000;\n}\n\n.custom-table a {\n  color: var(--e-global-color-accent);\n  font-weight: bold;\n  text-decoration: none;\n}\n\n.custom-table a:hover {\n  text-decoration: underline;\n}\n\n\n<\/style>\t\t\t\t<\/div>\n\t\t\t\t\t<\/div>\n\t\t\t\t<\/div>\n\t\t\t\t<div class=\"elementor-element elementor-element-b6c0214 elementor-widget elementor-widget-spacer\" data-id=\"b6c0214\" data-element_type=\"widget\" data-e-type=\"widget\" data-widget_type=\"spacer.default\">\n\t\t\t\t\t\t\t<div class=\"elementor-spacer\">\n\t\t\t<div class=\"elementor-spacer-inner\"><\/div>\n\t\t<\/div>\n\t\t\t\t\t\t<\/div>\n\t\t\t\t<\/div>\n\t\t\t\t<\/div>\n\t\t","protected":false},"excerpt":{"rendered":"<p>POL\u00cdTICA DE COOKIES El sitio web green-gap.eu utiliza cookies para ofrecer una mejor experiencia de navegaci\u00f3n. Si da su consentimiento, utilizaremos cookies para obtener m\u00e1s informaci\u00f3n sobre sus preferencias y personalizar nuestro sitio seg\u00fan sus intereses individuales, proporcionando una navegaci\u00f3n m\u00e1s fluida y personalizada. En green-gap.eu, queremos informarle de forma clara y precisa sobre las [&hellip;]<\/p>\n","protected":false},"author":1,"featured_media":0,"parent":0,"menu_order":0,"comment_status":"closed","ping_status":"closed","template":"","meta":{"footnotes":""},"class_list":["post-2590","page","type-page","status-publish","hentry"],"_links":{"self":[{"href":"https:\/\/hub.green-gap.eu\/es\/wp-json\/wp\/v2\/pages\/2590","targetHints":{"allow":["GET"]}}],"collection":[{"href":"https:\/\/hub.green-gap.eu\/es\/wp-json\/wp\/v2\/pages"}],"about":[{"href":"https:\/\/hub.green-gap.eu\/es\/wp-json\/wp\/v2\/types\/page"}],"author":[{"embeddable":true,"href":"https:\/\/hub.green-gap.eu\/es\/wp-json\/wp\/v2\/users\/1"}],"replies":[{"embeddable":true,"href":"https:\/\/hub.green-gap.eu\/es\/wp-json\/wp\/v2\/comments?post=2590"}],"version-history":[{"count":0,"href":"https:\/\/hub.green-gap.eu\/es\/wp-json\/wp\/v2\/pages\/2590\/revisions"}],"wp:attachment":[{"href":"https:\/\/hub.green-gap.eu\/es\/wp-json\/wp\/v2\/media?parent=2590"}],"curies":[{"name":"wp","href":"https:\/\/api.w.org\/{rel}","templated":true}]}}