{"id":2589,"date":"2025-10-02T12:24:51","date_gmt":"2025-10-02T10:24:51","guid":{"rendered":"https:\/\/hub.green-gap.eu\/politica-de-privacidade\/"},"modified":"2025-10-02T13:14:29","modified_gmt":"2025-10-02T11:14:29","slug":"politica-de-privacidade","status":"publish","type":"page","link":"https:\/\/hub.green-gap.eu\/es\/politica-de-privacidade\/","title":{"rendered":"Pol\u00edtica de Privacidad"},"content":{"rendered":"\t\t<div data-elementor-type=\"wp-page\" data-elementor-id=\"2589\" class=\"elementor elementor-2589 elementor-2541\" data-elementor-post-type=\"page\">\n\t\t\t\t<div class=\"elementor-element elementor-element-b9dd0e4 e-flex e-con-boxed e-con e-parent\" data-id=\"b9dd0e4\" data-element_type=\"container\" data-e-type=\"container\" data-settings=\"{&quot;background_background&quot;:&quot;classic&quot;,&quot;_ha_eqh_enable&quot;:false}\">\n\t\t\t\t\t<div class=\"e-con-inner\">\n\t\t<div class=\"elementor-element elementor-element-bd207ac e-con-full e-flex e-con e-child\" data-id=\"bd207ac\" data-element_type=\"container\" data-e-type=\"container\" data-settings=\"{&quot;_ha_eqh_enable&quot;:false}\">\n\t\t\t\t<div class=\"elementor-element elementor-element-eef16fd elementor-invisible elementor-widget elementor-widget-heading\" data-id=\"eef16fd\" data-element_type=\"widget\" data-e-type=\"widget\" data-settings=\"{&quot;_animation&quot;:&quot;fadeInDown&quot;}\" data-widget_type=\"heading.default\">\n\t\t\t\t\t<h1 class=\"elementor-heading-title elementor-size-default\">Pol\u00edtica de Privacidad<\/h1>\t\t\t\t<\/div>\n\t\t\t\t<\/div>\n\t\t\t\t<div class=\"elementor-element elementor-element-2a84faf elementor-absolute elementor-widget elementor-widget-image\" data-id=\"2a84faf\" data-element_type=\"widget\" data-e-type=\"widget\" data-settings=\"{&quot;_position&quot;:&quot;absolute&quot;}\" data-widget_type=\"image.default\">\n\t\t\t\t\t\t\t\t\t\t\t\t\t\t\t<img fetchpriority=\"high\" decoding=\"async\" width=\"646\" height=\"686\" src=\"https:\/\/hub.green-gap.eu\/wp-content\/uploads\/2025\/09\/simbolo-verde-1.svg\" class=\"attachment-large size-large wp-image-815\" alt=\"\" \/>\t\t\t\t\t\t\t\t\t\t\t\t\t\t\t<\/div>\n\t\t\t\t\t<\/div>\n\t\t\t\t<\/div>\n\t\t<div class=\"elementor-element elementor-element-1b996a9 e-con-full e-flex e-con e-parent\" data-id=\"1b996a9\" data-element_type=\"container\" data-e-type=\"container\" data-settings=\"{&quot;background_background&quot;:&quot;classic&quot;,&quot;_ha_eqh_enable&quot;:false}\">\n\t\t<div class=\"elementor-element elementor-element-fb432f2 e-flex e-con-boxed e-con e-child\" data-id=\"fb432f2\" data-element_type=\"container\" data-e-type=\"container\" data-settings=\"{&quot;_ha_eqh_enable&quot;:false}\">\n\t\t\t\t\t<div class=\"e-con-inner\">\n\t\t\t\t<div class=\"elementor-element elementor-element-7d6d0e1 animated-fast custom-text elementor-invisible elementor-widget elementor-widget-text-editor\" data-id=\"7d6d0e1\" data-element_type=\"widget\" data-e-type=\"widget\" data-settings=\"{&quot;_animation&quot;:&quot;fadeInDown&quot;}\" data-widget_type=\"text-editor.default\">\n\t\t\t\t\t\t\t\t\t<p>A trav\u00e9s de este sitio, no se recopilan datos personales de los usuarios sin su conocimiento, ni se ceden a terceros.<\/p><p>El sitio <a href=\"https:\/\/green-gap.eu\/\">green-gap.eu<\/a> puede contener enlaces a sitios de terceros, cuyas pol\u00edticas de privacidad son independientes de las de <a href=\"https:\/\/green-gap.eu\/\">green-gap.eu<\/a>. Al acceder a dichos sitios, el usuario puede decidir si acepta sus pol\u00edticas de privacidad y cookies. En general, al navegar por Internet, puedes aceptar o rechazar las cookies de terceros en las opciones de configuraci\u00f3n de tu navegador.<\/p><h3>Responsable del tratamiento<\/h3><p>Los datos personales que puedan ser recopilados directamente del usuario ser\u00e1n tratados de forma confidencial e incorporados a la actividad de tratamiento correspondiente, propiedad del Ayuntamiento de Paredes de Coura.<\/p><h3>Finalidad del tratamiento<\/h3><p>La finalidad del sitio es informar sobre los productos y servicios relacionados con su actividad. El usuario consiente expresamente que sus datos personales sean tratados para el env\u00edo de informaci\u00f3n de car\u00e1cter comercial por medios electr\u00f3nicos (por ejemplo: correo electr\u00f3nico, redes sociales, etc.).<\/p><h3>Legitimaci\u00f3n del tratamiento<\/h3><p>El tratamiento de sus datos se realiza para el cumplimiento de la relaci\u00f3n contractual entre el usuario registrado y el titular de este sitio, as\u00ed como cuando la finalidad del tratamiento requiera su consentimiento, para lo cual se han habilitado los formularios correspondientes, que deber\u00e1n ser concedidos mediante una clara acci\u00f3n afirmativa (por ejemplo, a trav\u00e9s de la aceptaci\u00f3n de la casilla correspondiente a la pol\u00edtica de privacidad).<\/p><h3>Conservaci\u00f3n de datos<\/h3><p>Los datos personales proporcionados por los usuarios, ya sea a trav\u00e9s de los formularios de contacto o del registro de usuarios en el sitio, se mantendr\u00e1n durante el tiempo necesario para cumplir con la finalidad para la que fueron recopilados y para determinar las posibles responsabilidades derivadas de dicha finalidad, adem\u00e1s de los per\u00edodos establecidos en la legislaci\u00f3n de archivos y documentaci\u00f3n.<\/p><h3>Comunicaci\u00f3n de datos<\/h3><p>En general, los datos personales no ser\u00e1n comunicados a terceros, excepto por obligaci\u00f3n legal.<\/p><h3>Tratamiento de datos de menores<\/h3><p>Las personas mayores de 16 a\u00f1os podr\u00e1n dar v\u00e1lidamente su consentimiento para el tratamiento de sus datos personales a trav\u00e9s de este sitio. El tratamiento de los datos de personas menores de 16 a\u00f1os requerir\u00e1 el consentimiento de sus padres o tutores legales, lo cual deber\u00e1 manifestarse en los formularios de contacto.<\/p><h3>Derechos de los interesados<\/h3><p>Puedes ejercer tus derechos de acceso, rectificaci\u00f3n, supresi\u00f3n, oposici\u00f3n, limitaci\u00f3n del tratamiento y portabilidad de tus datos, as\u00ed como a no ser objeto de decisiones basadas \u00fanicamente en el tratamiento automatizado de tus datos. Para ejercer tus derechos, puedes contactar a trav\u00e9s del correo electr\u00f3nico: <a href=\"mailto:info@green-gap.eu\">info@green-gap.eu<\/a>.<\/p>\t\t\t\t\t\t\t\t<\/div>\n\t\t\t\t<div class=\"elementor-element elementor-element-8485d21 elementor-hidden-desktop elementor-hidden-tablet elementor-hidden-mobile elementor-widget elementor-widget-html\" data-id=\"8485d21\" data-element_type=\"widget\" data-e-type=\"widget\" data-widget_type=\"html.default\">\n\t\t\t\t\t<style>\n.custom-text {\n    padding: 30px;\n    color: color: var(--e-global-color-text);\n    background-color: white;\n    border-style: solid;\n    border-width: 1px;\n    border-color: var(--e-global-color-47c4499);\n    background-color: #FFFFFF40;\n    background-color: white;\n    border-radius: 20px;\n    font-weight: 400!important;\n}\n.custom-text strong,\n.custom-text a{\n    color: var( --e-global-color-primary );\n    font-weight: 600!important;\n}\n.custom-text a:hover{\n    color: var( --e-global-color-primary );\n    text-decoration: underline;\n    font-weight: 600!important;\n}\n\/*\n.custom-text ol {\n      margin-bottom:20px;\n      font-weight:500;\n}\n.custom-text ol li {\n      color: var( --e-global-color-primary );\n}\n*\/\n.custom-text h2,\n.custom-text h3,\n.custom-text h4{\n  color: var( --e-global-color-primary );\n  font-weight: 500!important;\n  font-size: 28px;\n  line-height: 1.3em;\n  \/*text-transform: uppercase;*\/\n  \/*margin-top: 30px;*\/\n  font-family: var(--e-global-typography-primary-font-family), Sans-serif!important;\n}\n.custom-text h3,\n.custom-text h4{\n  \/*color: var( --e-global-color-text );*\/\n  font-size: 26px;\n}\n.custom-text h2:not(:first-of-type),\n.custom-text h3:not(:first-of-type),\n.custom-text h4:not(:first-of-type) {\n  margin-top: 30px;\n}\n.custom-text h2:first-child {\n  margin-top: 0px;\n}\n.custom-text ol,\n.custom-text ul {\n  display: block;\n  padding-top: 20px;\n  padding-bottom: 10px;\n  padding-right: 20px;\n  flex-direction: row;\n  align-items: center;\n  justify-content: start;\n     \/* background-color: var(--e-global-color-accent);*\/\n\/*background: linear-gradient(90deg, rgba(255,255,255,1) 0%, rgba(222,236,253,1) 100%);*\/\n  margin-top: 20px;\n  margin-bottom: 20px;\n  border-radius: 0px; \n  background-color: white;\n      background-color:#FFFFFF40;\n      background-color: var(--e-global-color-e65a46a);\n    border:1px solid var(--e-global-color-47c4499);\n}\n.custom-text ul li::marker,\n.custom-text ol li::marker {\n    color: var( --e-global-color-primary );\n}\n.custom-text ol li,\n.custom-text ul li {\n  font-size: 16px!important;\n  margin: 0;\n  list-style:none;\n  list-style-type: square;\n  padding: 0 .2em; \/* indentation + .5em *\/\n  line-height: 1.2em; \/* default list item's `line-height` *\/\n  margin-bottom: 1em;\n  position: relative;\n  \/*color: var( --e-global-color-primary );*\/\n}\n.custom-text ol li:before,\n.custom-text ul li:before {\n    content:\"\";\n    top:0;\n    left:-20px;\n    position: absolute;\n    display: flex;\n    height: 100%;\n    \/*border-left:3px solid var( --e-global-color-primary );*\/\n}\n\n.custom-text ul li ul {\n  display: block;\n  padding-top: 20px;\n  padding-bottom: 10px;\n  padding-right: 20px;\n  flex-direction: row;\n  align-items: center;\n  justify-content: start;\n  background: rgb(255,255,255);\n\/*background: linear-gradient(90deg, rgba(255,255,255,1) 0%, rgba(222,236,253,1) 100%);*\/\n  margin-top: 20px;\n  margin-bottom: 20px;\n  margin-right: 20px;\n  border-radius: 0!important;\n}\n.custom-text ul li ul li {\n  margin: 0;\n  list-style:none;\n  padding: 0 .2em;\n  line-height: 1.2em;\n  margin-bottom: 1em;\n  position: relative;\n}\n.custom-text ul li ul li:before {\n    content:\"\";\n    top:0;\n    left:-20px;\n    position: absolute;\n    display: flex;\n    height: 100%;\n    border-left:3px solid var( --e-global-color-primary );\n}\n\n<\/style>\t\t\t\t<\/div>\n\t\t\t\t<div class=\"elementor-element elementor-element-1e1f83c elementor-hidden-desktop elementor-hidden-tablet elementor-hidden-mobile elementor-widget elementor-widget-html\" data-id=\"1e1f83c\" data-element_type=\"widget\" data-e-type=\"widget\" data-widget_type=\"html.default\">\n\t\t\t\t\t<style>\n.custom-table{\n    margin-top: 50px;\n    margin-bottom: 50px;\n}\n.custom-table table {\n  width: 100%;\n  border-collapse: collapse;\n  background-color: var(--e-global-color-6112507);\n  box-shadow: 0 4px 8px rgba(0, 0, 0, 0.1);\n  border-radius: 12px;\n  overflow: hidden;\n}\n\n.custom-table thead {\n  background-color: var(--e-global-color-primary);\n  color: #fff;\n  font-size: 13px;\n  font-weight: 400!important;\n  text-transform: uppercase;\n  letter-spacing: 0.05em;\n}\n\n.custom-table th, .custom-table td {\n  padding: 16px 20px;\n  border: 1px solid var(--e-global-color-secondary);\n  text-align: left;\n  transition: background 0.3s ease;\n}\n\n.custom-table tbody tr:nth-child(even) {\n  background-color: #ffffff;\n}\n\n.custom-table tbody tr:nth-child(odd) {\n  background-color: var(--e-global-color-6112507);\n}\n\n.custom-table tbody tr:hover {\n  background-color: var(--e-global-color-accent)!important;\n  color: #000;\n}\n\n.custom-table a {\n  color: var(--e-global-color-accent);\n  font-weight: bold;\n  text-decoration: none;\n}\n\n.custom-table a:hover {\n  text-decoration: underline;\n}\n\n\n<\/style>\t\t\t\t<\/div>\n\t\t\t\t\t<\/div>\n\t\t\t\t<\/div>\n\t\t\t\t<div class=\"elementor-element elementor-element-b6c0214 elementor-widget elementor-widget-spacer\" data-id=\"b6c0214\" data-element_type=\"widget\" data-e-type=\"widget\" data-widget_type=\"spacer.default\">\n\t\t\t\t\t\t\t<div class=\"elementor-spacer\">\n\t\t\t<div class=\"elementor-spacer-inner\"><\/div>\n\t\t<\/div>\n\t\t\t\t\t\t<\/div>\n\t\t\t\t<\/div>\n\t\t\t\t<\/div>\n\t\t","protected":false},"excerpt":{"rendered":"<p>A trav\u00e9s de este sitio, no se recopilan datos personales de los usuarios sin su conocimiento, ni se ceden a terceros. El sitio green-gap.eu puede contener enlaces a sitios de terceros, cuyas pol\u00edticas de privacidad son independientes de las de green-gap.eu. Al acceder a dichos sitios, el usuario puede decidir si acepta sus pol\u00edticas de [&hellip;]<\/p>\n","protected":false},"author":1,"featured_media":0,"parent":0,"menu_order":0,"comment_status":"closed","ping_status":"closed","template":"","meta":{"footnotes":""},"class_list":["post-2589","page","type-page","status-publish","hentry"],"_links":{"self":[{"href":"https:\/\/hub.green-gap.eu\/es\/wp-json\/wp\/v2\/pages\/2589","targetHints":{"allow":["GET"]}}],"collection":[{"href":"https:\/\/hub.green-gap.eu\/es\/wp-json\/wp\/v2\/pages"}],"about":[{"href":"https:\/\/hub.green-gap.eu\/es\/wp-json\/wp\/v2\/types\/page"}],"author":[{"embeddable":true,"href":"https:\/\/hub.green-gap.eu\/es\/wp-json\/wp\/v2\/users\/1"}],"replies":[{"embeddable":true,"href":"https:\/\/hub.green-gap.eu\/es\/wp-json\/wp\/v2\/comments?post=2589"}],"version-history":[{"count":0,"href":"https:\/\/hub.green-gap.eu\/es\/wp-json\/wp\/v2\/pages\/2589\/revisions"}],"wp:attachment":[{"href":"https:\/\/hub.green-gap.eu\/es\/wp-json\/wp\/v2\/media?parent=2589"}],"curies":[{"name":"wp","href":"https:\/\/api.w.org\/{rel}","templated":true}]}}