{"id":2588,"date":"2025-10-02T11:57:50","date_gmt":"2025-10-02T09:57:50","guid":{"rendered":"https:\/\/hub.green-gap.eu\/aviso-legal\/"},"modified":"2025-10-02T13:13:33","modified_gmt":"2025-10-02T11:13:33","slug":"aviso-legal","status":"publish","type":"page","link":"https:\/\/hub.green-gap.eu\/es\/aviso-legal\/","title":{"rendered":"Aviso legal"},"content":{"rendered":"\t\t<div data-elementor-type=\"wp-page\" data-elementor-id=\"2588\" class=\"elementor elementor-2588 elementor-2509\" data-elementor-post-type=\"page\">\n\t\t\t\t<div class=\"elementor-element elementor-element-b9dd0e4 e-flex e-con-boxed e-con e-parent\" data-id=\"b9dd0e4\" data-element_type=\"container\" data-e-type=\"container\" data-settings=\"{&quot;background_background&quot;:&quot;classic&quot;,&quot;_ha_eqh_enable&quot;:false}\">\n\t\t\t\t\t<div class=\"e-con-inner\">\n\t\t<div class=\"elementor-element elementor-element-bd207ac e-con-full e-flex e-con e-child\" data-id=\"bd207ac\" data-element_type=\"container\" data-e-type=\"container\" data-settings=\"{&quot;_ha_eqh_enable&quot;:false}\">\n\t\t\t\t<div class=\"elementor-element elementor-element-eef16fd elementor-invisible elementor-widget elementor-widget-heading\" data-id=\"eef16fd\" data-element_type=\"widget\" data-e-type=\"widget\" data-settings=\"{&quot;_animation&quot;:&quot;fadeInDown&quot;}\" data-widget_type=\"heading.default\">\n\t\t\t\t\t<h1 class=\"elementor-heading-title elementor-size-default\">Aviso legal<\/h1>\t\t\t\t<\/div>\n\t\t\t\t<\/div>\n\t\t\t\t<div class=\"elementor-element elementor-element-2a84faf elementor-absolute elementor-widget elementor-widget-image\" data-id=\"2a84faf\" data-element_type=\"widget\" data-e-type=\"widget\" data-settings=\"{&quot;_position&quot;:&quot;absolute&quot;}\" data-widget_type=\"image.default\">\n\t\t\t\t\t\t\t\t\t\t\t\t\t\t\t<img fetchpriority=\"high\" decoding=\"async\" width=\"646\" height=\"686\" src=\"https:\/\/hub.green-gap.eu\/wp-content\/uploads\/2025\/09\/simbolo-verde-1.svg\" class=\"attachment-large size-large wp-image-815\" alt=\"\" \/>\t\t\t\t\t\t\t\t\t\t\t\t\t\t\t<\/div>\n\t\t\t\t\t<\/div>\n\t\t\t\t<\/div>\n\t\t<div class=\"elementor-element elementor-element-1b996a9 e-con-full e-flex e-con e-parent\" data-id=\"1b996a9\" data-element_type=\"container\" data-e-type=\"container\" data-settings=\"{&quot;background_background&quot;:&quot;classic&quot;,&quot;_ha_eqh_enable&quot;:false}\">\n\t\t<div class=\"elementor-element elementor-element-fb432f2 e-flex e-con-boxed e-con e-child\" data-id=\"fb432f2\" data-element_type=\"container\" data-e-type=\"container\" data-settings=\"{&quot;_ha_eqh_enable&quot;:false}\">\n\t\t\t\t\t<div class=\"e-con-inner\">\n\t\t\t\t<div class=\"elementor-element elementor-element-7d6d0e1 animated-fast custom-text elementor-invisible elementor-widget elementor-widget-text-editor\" data-id=\"7d6d0e1\" data-element_type=\"widget\" data-e-type=\"widget\" data-settings=\"{&quot;_animation&quot;:&quot;fadeInDown&quot;}\" data-widget_type=\"text-editor.default\">\n\t\t\t\t\t\t\t\t\t<h3>1. DATOS IDENTIFICATIVOS<\/h3><p>En cumplimiento del deber de informaci\u00f3n establecido en el art\u00edculo 10 de la Ley 34\/2002, de 11 de julio, de Servicios de la Sociedad de la Informaci\u00f3n y del Comercio Electr\u00f3nico, a continuaci\u00f3n se reflejan los siguientes datos: el titular del dominio web es el Ayuntamiento de Paredes de Coura (CMPC). Correo electr\u00f3nico de contacto: info@green-gap.eu.<\/p><h3>2. USUARIOS<\/h3><p>El acceso y\/o uso de este portal del Ayuntamiento de Paredes de Coura atribuye la condici\u00f3n de USUARIO, que acepta, desde dicho acceso y\/o uso, las Condiciones Generales de Uso aqu\u00ed reflejadas. Las mencionadas Condiciones ser\u00e1n aplicables independientemente de las Condiciones Generales de Contrataci\u00f3n que, en su caso, sean de obligado cumplimiento.<\/p><h3>3. USO DEL PORTAL<\/h3><p>https:\/\/green-gap.eu\/ ofrece acceso a una variedad de informaciones, servicios, programas o datos (en adelante, \u00ablos contenidos\u00bb) en Internet pertenecientes al Ayuntamiento de Paredes de Coura o a sus licenciantes a los que el USUARIO puede tener acceso. El USUARIO asume la responsabilidad del uso del portal. Esta responsabilidad se extiende al registro que sea necesario para acceder a determinados servicios o contenidos.<\/p><p>En dicho registro, el USUARIO ser\u00e1 responsable de proporcionar informaci\u00f3n veraz y l\u00edcita. Como consecuencia de este registro, al USUARIO se le puede proporcionar una contrase\u00f1a de la cual ser\u00e1 responsable, comprometi\u00e9ndose a hacer un uso diligente y confidencial de la misma. El USUARIO se compromete a hacer un uso adecuado de los contenidos y servicios (como, por ejemplo, servicios de chat, foros de discusi\u00f3n o grupos de noticias) que el Ayuntamiento de Paredes de Coura ofrece a trav\u00e9s de su portal y, con car\u00e1cter enunciativo pero no limitativo, a no emplearlos para:<\/p><ul><li>Realizar actividades il\u00edcitas, ilegales o contrarias a la buena fe y al orden p\u00fablico;<\/li><li>Difundir contenidos o propaganda de car\u00e1cter racista, xen\u00f3fobo, pornogr\u00e1fico-ilegal, de apolog\u00eda del terrorismo o atentatorio contra los derechos humanos;<\/li><li>Provocar da\u00f1os en los sistemas f\u00edsicos y l\u00f3gicos del Ayuntamiento de Paredes de Coura, de sus proveedores o de terceras personas, introducir o difundir en la red virus inform\u00e1ticos o cualesquiera otros sistemas f\u00edsicos o l\u00f3gicos que sean susceptibles de provocar los da\u00f1os anteriormente mencionados;<\/li><li>Intentar acceder y, en su caso, utilizar las cuentas de correo electr\u00f3nico de otros usuarios y modificar o manipular sus mensajes.<\/li><\/ul><p>El Ayuntamiento de Paredes de Coura se reserva el derecho de retirar todos aquellos comentarios y aportaciones que vulneren el respeto a la dignidad de la persona, que sean discriminatorios, xen\u00f3fobos, racistas, pornogr\u00e1ficos, que atenten contra la juventud o la infancia, el orden o la seguridad p\u00fablica o que, a su juicio, no resulten adecuados para su publicaci\u00f3n. En cualquier caso, el Ayuntamiento de Paredes de Coura no ser\u00e1 responsable de las opiniones vertidas por los usuarios a trav\u00e9s de los foros, chats u otras herramientas de participaci\u00f3n.<\/p><h3>4. PROTECCI\u00d3N DE DATOS<\/h3><p>El Ayuntamiento de Paredes de Coura se toma en serio la privacidad y la protecci\u00f3n de los datos registrados por sus usuarios. Todos los datos recopilados son completamente confidenciales y est\u00e1n destinados a la gesti\u00f3n interna de los servicios y se utilizan exclusivamente para atenderle de la mejor manera posible y siempre en el \u00e1mbito estricto de los servicios solicitados por el usuario a trav\u00e9s de este portal.<\/p><p>El CMPC se compromete a respetar la legislaci\u00f3n vigente en materia de protecci\u00f3n de datos personales y a no ceder, bajo ninguna forma o condici\u00f3n, esta informaci\u00f3n a terceros.<\/p><h3>5. PROPIEDAD INTELECTUAL E INDUSTRIAL<\/h3><p>El Ayuntamiento de Paredes de Coura, por s\u00ed o como cesionaria, es titular de todos los derechos de propiedad intelectual e industrial de su sitio web, as\u00ed como de los elementos contenidos en el mismo (a t\u00edtulo enunciativo, im\u00e1genes, sonido, audio, v\u00eddeo, software o textos; marcas o logotipos, combinaciones de colores, estructura y dise\u00f1o, selecci\u00f3n de materiales usados, programas de ordenador necesarios para su funcionamiento, acceso y uso, etc.), titularidad del Ayuntamiento de Paredes de Coura o de sus licenciantes.<\/p><p>Todos los derechos reservados. En virtud de lo dispuesto en los art\u00edculos 8 y 32.1, p\u00e1rrafo segundo, de la Ley de Propiedad Intelectual, quedan expresamente prohibidas la reproducci\u00f3n, la distribuci\u00f3n y la comunicaci\u00f3n p\u00fablica, incluida su modalidad de puesta a disposici\u00f3n, de la totalidad o parte de los contenidos de este sitio web, con fines comerciales, en cualquier soporte y por cualquier medio t\u00e9cnico, sin la autorizaci\u00f3n del Ayuntamiento de Paredes de Coura. El USUARIO se compromete a respetar los derechos de Propiedad Intelectual e Industrial titularidad del Ayuntamiento de Paredes de Coura.<\/p><h3>6. EXCLUSI\u00d3N DE GARANT\u00cdAS Y RESPONSABILIDAD<\/h3><p>El Ayuntamiento de Paredes de Coura no se hace responsable, en ning\u00fan caso, de los da\u00f1os y perjuicios de cualquier naturaleza que pudieran ocasionar, a t\u00edtulo enunciativo: errores u omisiones en los contenidos, falta de disponibilidad del portal o la transmisi\u00f3n de virus o programas maliciosos o lesivos en los contenidos, a pesar de haber adoptado todas las medidas tecnol\u00f3gicas necesarias para evitarlo.<\/p><h3>7. MODIFICACIONES<\/h3><p>El Ayuntamiento de Paredes de Coura se reserva el derecho de efectuar, sin previo aviso, las modificaciones que considere oportunas en su portal, pudiendo cambiar, suprimir o a\u00f1adir tanto los contenidos y servicios que se presten a trav\u00e9s del mismo como la forma en la que \u00e9stos aparezcan presentados o localizados en su portal.<\/p>\t\t\t\t\t\t\t\t<\/div>\n\t\t\t\t<div class=\"elementor-element elementor-element-8485d21 elementor-hidden-desktop elementor-hidden-tablet elementor-hidden-mobile elementor-widget elementor-widget-html\" data-id=\"8485d21\" data-element_type=\"widget\" data-e-type=\"widget\" data-widget_type=\"html.default\">\n\t\t\t\t\t<style>\n.custom-text {\n    padding: 30px;\n    color: color: var(--e-global-color-text);\n    background-color: white;\n    border-style: solid;\n    border-width: 1px;\n    border-color: var(--e-global-color-47c4499);\n    background-color: #FFFFFF40;\n    background-color: white;\n    border-radius: 20px;\n    font-weight: 400!important;\n}\n.custom-text strong,\n.custom-text a{\n    color: var( --e-global-color-primary );\n    font-weight: 600!important;\n}\n.custom-text a:hover{\n    color: var( --e-global-color-primary );\n    text-decoration: underline;\n    font-weight: 600!important;\n}\n\/*\n.custom-text ol {\n      margin-bottom:20px;\n      font-weight:500;\n}\n.custom-text ol li {\n      color: var( --e-global-color-primary );\n}\n*\/\n.custom-text h2,\n.custom-text h3,\n.custom-text h4{\n  color: var( --e-global-color-primary );\n  font-weight: 500!important;\n  font-size: 28px;\n  line-height: 1.3em;\n  \/*text-transform: uppercase;*\/\n  \/*margin-top: 30px;*\/\n  font-family: var(--e-global-typography-primary-font-family), Sans-serif!important;\n}\n.custom-text h3,\n.custom-text h4{\n  \/*color: var( --e-global-color-text );*\/\n  font-size: 26px;\n}\n.custom-text h2:not(:first-of-type),\n.custom-text h3:not(:first-of-type),\n.custom-text h4:not(:first-of-type) {\n  margin-top: 30px;\n}\n.custom-text h2:first-child {\n  margin-top: 0px;\n}\n.custom-text ol,\n.custom-text ul {\n  display: block;\n  padding-top: 20px;\n  padding-bottom: 10px;\n  padding-right: 20px;\n  flex-direction: row;\n  align-items: center;\n  justify-content: start;\n     \/* background-color: var(--e-global-color-accent);*\/\n\/*background: linear-gradient(90deg, rgba(255,255,255,1) 0%, rgba(222,236,253,1) 100%);*\/\n  margin-top: 20px;\n  margin-bottom: 20px;\n  border-radius: 0px; \n  background-color: white;\n      background-color:#FFFFFF40;\n      background-color: var(--e-global-color-e65a46a);\n    border:1px solid var(--e-global-color-47c4499);\n}\n.custom-text ul li::marker,\n.custom-text ol li::marker {\n    color: var( --e-global-color-primary );\n}\n.custom-text ol li,\n.custom-text ul li {\n  font-size: 16px!important;\n  margin: 0;\n  list-style:none;\n  list-style-type: square;\n  padding: 0 .2em; \/* indentation + .5em *\/\n  line-height: 1.2em; \/* default list item's `line-height` *\/\n  margin-bottom: 1em;\n  position: relative;\n  \/*color: var( --e-global-color-primary );*\/\n}\n.custom-text ol li:before,\n.custom-text ul li:before {\n    content:\"\";\n    top:0;\n    left:-20px;\n    position: absolute;\n    display: flex;\n    height: 100%;\n    \/*border-left:3px solid var( --e-global-color-primary );*\/\n}\n\n.custom-text ul li ul {\n  display: block;\n  padding-top: 20px;\n  padding-bottom: 10px;\n  padding-right: 20px;\n  flex-direction: row;\n  align-items: center;\n  justify-content: start;\n  background: rgb(255,255,255);\n\/*background: linear-gradient(90deg, rgba(255,255,255,1) 0%, rgba(222,236,253,1) 100%);*\/\n  margin-top: 20px;\n  margin-bottom: 20px;\n  margin-right: 20px;\n  border-radius: 0!important;\n}\n.custom-text ul li ul li {\n  margin: 0;\n  list-style:none;\n  padding: 0 .2em;\n  line-height: 1.2em;\n  margin-bottom: 1em;\n  position: relative;\n}\n.custom-text ul li ul li:before {\n    content:\"\";\n    top:0;\n    left:-20px;\n    position: absolute;\n    display: flex;\n    height: 100%;\n    border-left:3px solid var( --e-global-color-primary );\n}\n\n<\/style>\t\t\t\t<\/div>\n\t\t\t\t<div class=\"elementor-element elementor-element-1e1f83c elementor-hidden-desktop elementor-hidden-tablet elementor-hidden-mobile elementor-widget elementor-widget-html\" data-id=\"1e1f83c\" data-element_type=\"widget\" data-e-type=\"widget\" data-widget_type=\"html.default\">\n\t\t\t\t\t<style>\n.custom-table{\n    margin-top: 50px;\n    margin-bottom: 50px;\n}\n.custom-table table {\n  width: 100%;\n  border-collapse: collapse;\n  background-color: var(--e-global-color-6112507);\n  box-shadow: 0 4px 8px rgba(0, 0, 0, 0.1);\n  border-radius: 12px;\n  overflow: hidden;\n}\n\n.custom-table thead {\n  background-color: var(--e-global-color-primary);\n  color: #fff;\n  font-size: 13px;\n  font-weight: 400!important;\n  text-transform: uppercase;\n  letter-spacing: 0.05em;\n}\n\n.custom-table th, .custom-table td {\n  padding: 16px 20px;\n  border: 1px solid var(--e-global-color-secondary);\n  text-align: left;\n  transition: background 0.3s ease;\n}\n\n.custom-table tbody tr:nth-child(even) {\n  background-color: #ffffff;\n}\n\n.custom-table tbody tr:nth-child(odd) {\n  background-color: var(--e-global-color-6112507);\n}\n\n.custom-table tbody tr:hover {\n  background-color: var(--e-global-color-accent)!important;\n  color: #000;\n}\n\n.custom-table a {\n  color: var(--e-global-color-accent);\n  font-weight: bold;\n  text-decoration: none;\n}\n\n.custom-table a:hover {\n  text-decoration: underline;\n}\n\n\n<\/style>\t\t\t\t<\/div>\n\t\t\t\t\t<\/div>\n\t\t\t\t<\/div>\n\t\t\t\t<div class=\"elementor-element elementor-element-b6c0214 elementor-widget elementor-widget-spacer\" data-id=\"b6c0214\" data-element_type=\"widget\" data-e-type=\"widget\" data-widget_type=\"spacer.default\">\n\t\t\t\t\t\t\t<div class=\"elementor-spacer\">\n\t\t\t<div class=\"elementor-spacer-inner\"><\/div>\n\t\t<\/div>\n\t\t\t\t\t\t<\/div>\n\t\t\t\t<\/div>\n\t\t\t\t<\/div>\n\t\t","protected":false},"excerpt":{"rendered":"<p>1. DATOS IDENTIFICATIVOS En cumplimiento del deber de informaci\u00f3n establecido en el art\u00edculo 10 de la Ley 34\/2002, de 11 de julio, de Servicios de la Sociedad de la Informaci\u00f3n y del Comercio Electr\u00f3nico, a continuaci\u00f3n se reflejan los siguientes datos: el titular del dominio web es el Ayuntamiento de Paredes de Coura (CMPC). Correo [&hellip;]<\/p>\n","protected":false},"author":1,"featured_media":0,"parent":0,"menu_order":0,"comment_status":"closed","ping_status":"closed","template":"","meta":{"footnotes":""},"class_list":["post-2588","page","type-page","status-publish","hentry"],"_links":{"self":[{"href":"https:\/\/hub.green-gap.eu\/es\/wp-json\/wp\/v2\/pages\/2588","targetHints":{"allow":["GET"]}}],"collection":[{"href":"https:\/\/hub.green-gap.eu\/es\/wp-json\/wp\/v2\/pages"}],"about":[{"href":"https:\/\/hub.green-gap.eu\/es\/wp-json\/wp\/v2\/types\/page"}],"author":[{"embeddable":true,"href":"https:\/\/hub.green-gap.eu\/es\/wp-json\/wp\/v2\/users\/1"}],"replies":[{"embeddable":true,"href":"https:\/\/hub.green-gap.eu\/es\/wp-json\/wp\/v2\/comments?post=2588"}],"version-history":[{"count":0,"href":"https:\/\/hub.green-gap.eu\/es\/wp-json\/wp\/v2\/pages\/2588\/revisions"}],"wp:attachment":[{"href":"https:\/\/hub.green-gap.eu\/es\/wp-json\/wp\/v2\/media?parent=2588"}],"curies":[{"name":"wp","href":"https:\/\/api.w.org\/{rel}","templated":true}]}}